{"id":217,"date":"2022-06-24T13:18:14","date_gmt":"2022-06-24T13:18:14","guid":{"rendered":"https:\/\/urbanozconstructora.com\/mirador-del-bosque\/?page_id=217"},"modified":"2022-08-23T18:32:02","modified_gmt":"2022-08-23T18:32:02","slug":"urban-17-40","status":"publish","type":"page","link":"https:\/\/urbanozconstructora.com\/mirador-del-bosque\/","title":{"rendered":"Urban 17\/40"},"content":{"rendered":"\n\n\t\t\t\t<img decoding=\"async\" src=\"https:\/\/urbanozconstructora.com\/wp-content\/uploads\/sites\/5\/2022\/06\/532cc012-shadow-top.png\" alt=\"532cc012-shadow-top\" itemprop=\"image\" title=\"532cc012-shadow-top\" onerror=\"this.style.display='none'\"  \/>\n<h2>\n\t\tProyecto Mirador del Bosque\n\t<\/h2>\n\t\t\t\t<img decoding=\"async\" src=\"https:\/\/urbanozconstructora.com\/wp-content\/uploads\/sites\/5\/2022\/06\/532cc012-shadow-top.png\" alt=\"532cc012-shadow-top\" itemprop=\"image\" title=\"532cc012-shadow-top\" onerror=\"this.style.display='none'\"  \/>\n\t\t\t\t<img decoding=\"async\" src=\"https:\/\/urbanoz-constructora.sfo2.digitaloceanspaces.com\/web\/sites\/5\/BANNNERS-mirador-del-bosque-03-02.png\" alt=\"BANNNERS mirador del bosque-03-02\" itemprop=\"image\" height=\"829\" width=\"2000\" title=\"BANNNERS mirador del bosque-03-02\" onerror=\"this.style.display='none'\"  \/>\n<h2>\n\t\tCon f\u00e1cil acceso gracias a las v\u00edas principales que lo rodean\n\t<\/h2>\n\t\t\t\t<img decoding=\"async\" src=\"https:\/\/urbanozconstructora.com\/wp-content\/uploads\/sites\/5\/2022\/06\/532cc012-shadow-top.png\" alt=\"532cc012-shadow-top\" itemprop=\"image\" title=\"532cc012-shadow-top\" onerror=\"this.style.display='none'\"  \/>\n\t\t\t\t<img decoding=\"async\" src=\"https:\/\/urbanoz-constructora.sfo2.digitaloceanspaces.com\/web\/sites\/5\/BANNNERS-mirador-del-bosque-03-03.png\" alt=\"BANNNERS mirador del bosque-03-03\" itemprop=\"image\" title=\"BANNNERS mirador del bosque-03-03\" onerror=\"this.style.display='none'\"  \/>\n<h2>\n\t\tGaler\u00eda de im\u00e1genes\n\t<\/h2>\n\t\t\t\t<img decoding=\"async\" src=\"https:\/\/urbanozconstructora.com\/wp-content\/uploads\/sites\/5\/2022\/06\/532cc012-shadow-top.png\" alt=\"532cc012-shadow-top\" itemprop=\"image\" title=\"532cc012-shadow-top\" onerror=\"this.style.display='none'\"  \/>\n\t\t\t\t\t\t\t\t\t\t\t\t\t\t\t\t\t<a href=\"https:\/\/urbanoz-constructora.sfo2.digitaloceanspaces.com\/web\/sites\/5\/mirador-de-bosque-13.png\" target=\"_self\" data-caption=\"\" rel=\"noopener\">\n\t\t\t\t\t\t<figure>\n\t\t\t\t\t\t\t<img decoding=\"async\" src=\"https:\/\/urbanoz-constructora.sfo2.digitaloceanspaces.com\/web\/sites\/5\/mirador-de-bosque-13.png\" alt=\"Mirador del Bosque\" \/>\n\t\t\t\t\t\t<\/figure>\n\t\t\t\t\t\t\t\t\t\t<\/a>\n\t\t\t\t\t\t\t\t\t\t\t\t\t\t\t\t\t<a href=\"https:\/\/urbanoz-constructora.sfo2.digitaloceanspaces.com\/web\/sites\/5\/mirador-de-bosque-12.png\" target=\"_self\" data-caption=\"\" rel=\"noopener\">\n\t\t\t\t\t\t<figure>\n\t\t\t\t\t\t\t<img decoding=\"async\" src=\"https:\/\/urbanoz-constructora.sfo2.digitaloceanspaces.com\/web\/sites\/5\/mirador-de-bosque-12.png\" alt=\"Mirador del Bosque\" \/>\n\t\t\t\t\t\t<\/figure>\n\t\t\t\t\t\t\t\t\t\t<\/a>\n\t\t\t\t\t\t\t\t\t\t\t\t\t\t\t\t\t<a href=\"https:\/\/urbanoz-constructora.sfo2.digitaloceanspaces.com\/web\/sites\/5\/mirador-de-bosque-11.png\" target=\"_self\" data-caption=\"\" rel=\"noopener\">\n\t\t\t\t\t\t<figure>\n\t\t\t\t\t\t\t<img decoding=\"async\" src=\"https:\/\/urbanoz-constructora.sfo2.digitaloceanspaces.com\/web\/sites\/5\/mirador-de-bosque-11.png\" alt=\"Mirador del Bosque\" \/>\n\t\t\t\t\t\t<\/figure>\n\t\t\t\t\t\t\t\t\t\t<\/a>\n\t\t\t\t\t\t\t\t\t\t\t\t\t\t\t\t\t<a href=\"https:\/\/urbanoz-constructora.sfo2.digitaloceanspaces.com\/web\/sites\/5\/mirador-de-bosque-10.png\" target=\"_self\" data-caption=\"\" rel=\"noopener\">\n\t\t\t\t\t\t<figure>\n\t\t\t\t\t\t\t<img decoding=\"async\" src=\"https:\/\/urbanoz-constructora.sfo2.digitaloceanspaces.com\/web\/sites\/5\/mirador-de-bosque-10.png\" alt=\"Mirador del Bosque\" \/>\n\t\t\t\t\t\t<\/figure>\n\t\t\t\t\t\t\t\t\t\t<\/a>\n\t\t\t\t\t\t\t\t\t\t\t\t\t\t\t\t\t<a href=\"https:\/\/urbanoz-constructora.sfo2.digitaloceanspaces.com\/web\/sites\/5\/mirador-de-bosque-9.png\" target=\"_self\" data-caption=\"\" rel=\"noopener\">\n\t\t\t\t\t\t<figure>\n\t\t\t\t\t\t\t<img decoding=\"async\" src=\"https:\/\/urbanoz-constructora.sfo2.digitaloceanspaces.com\/web\/sites\/5\/mirador-de-bosque-9.png\" alt=\"Mirador del Bosque\" \/>\n\t\t\t\t\t\t<\/figure>\n\t\t\t\t\t\t\t\t\t\t<\/a>\n\t\t\t\t\t\t\t\t\t\t\t\t\t\t\t\t\t<a href=\"https:\/\/urbanoz-constructora.sfo2.digitaloceanspaces.com\/web\/sites\/5\/mirador-de-bosque-8.png\" target=\"_self\" data-caption=\"\" rel=\"noopener\">\n\t\t\t\t\t\t<figure>\n\t\t\t\t\t\t\t<img decoding=\"async\" src=\"https:\/\/urbanoz-constructora.sfo2.digitaloceanspaces.com\/web\/sites\/5\/mirador-de-bosque-8.png\" alt=\"Mirador del Bosque\" \/>\n\t\t\t\t\t\t<\/figure>\n\t\t\t\t\t\t\t\t\t\t<\/a>\n\t\t\t\t\t\t\t\t\t\t\t\t\t\t\t\t\t<a href=\"https:\/\/urbanoz-constructora.sfo2.digitaloceanspaces.com\/web\/sites\/5\/mirador-de-bosque-7.png\" target=\"_self\" data-caption=\"\" rel=\"noopener\">\n\t\t\t\t\t\t<figure>\n\t\t\t\t\t\t\t<img decoding=\"async\" src=\"https:\/\/urbanoz-constructora.sfo2.digitaloceanspaces.com\/web\/sites\/5\/mirador-de-bosque-7.png\" alt=\"Mirador del Bosque\" \/>\n\t\t\t\t\t\t<\/figure>\n\t\t\t\t\t\t\t\t\t\t<\/a>\n\t\t\t\t\t\t\t\t\t\t\t\t\t\t\t\t\t<a href=\"https:\/\/urbanoz-constructora.sfo2.digitaloceanspaces.com\/web\/sites\/5\/mirador-de-bosque-6.png\" target=\"_self\" data-caption=\"\" rel=\"noopener\">\n\t\t\t\t\t\t<figure>\n\t\t\t\t\t\t\t<img decoding=\"async\" src=\"https:\/\/urbanoz-constructora.sfo2.digitaloceanspaces.com\/web\/sites\/5\/mirador-de-bosque-6.png\" alt=\"Mirador del Bosque\" \/>\n\t\t\t\t\t\t<\/figure>\n\t\t\t\t\t\t\t\t\t\t<\/a>\n\t\t\t\t\t\t\t\t\t\t\t\t\t\t\t\t\t<a href=\"https:\/\/urbanoz-constructora.sfo2.digitaloceanspaces.com\/web\/sites\/5\/mirador-de-bosque-5-1024x527.png\" target=\"_self\" data-caption=\"\" rel=\"noopener\">\n\t\t\t\t\t\t<figure>\n\t\t\t\t\t\t\t<img decoding=\"async\" src=\"https:\/\/urbanoz-constructora.sfo2.digitaloceanspaces.com\/web\/sites\/5\/mirador-de-bosque-5-1024x527.png\" alt=\"Mirador del Bosque\" \/>\n\t\t\t\t\t\t<\/figure>\n\t\t\t\t\t\t\t\t\t\t<\/a>\n\t\t\t\t\t\t\t\t\t\t\t\t\t\t\t\t\t<a href=\"https:\/\/urbanoz-constructora.sfo2.digitaloceanspaces.com\/web\/sites\/5\/mirador-de-bosque-4-1024x527.png\" target=\"_self\" data-caption=\"\" rel=\"noopener\">\n\t\t\t\t\t\t<figure>\n\t\t\t\t\t\t\t<img decoding=\"async\" src=\"https:\/\/urbanoz-constructora.sfo2.digitaloceanspaces.com\/web\/sites\/5\/mirador-de-bosque-4-1024x527.png\" alt=\"Mirador del Bosque\" \/>\n\t\t\t\t\t\t<\/figure>\n\t\t\t\t\t\t\t\t\t\t<\/a>\n\t\t\t\t\t\t\t\t\t\t\t\t\t\t\t\t\t<a href=\"https:\/\/urbanoz-constructora.sfo2.digitaloceanspaces.com\/web\/sites\/5\/mirador-de-bosque-3-1024x527.png\" target=\"_self\" data-caption=\"\" rel=\"noopener\">\n\t\t\t\t\t\t<figure>\n\t\t\t\t\t\t\t<img decoding=\"async\" src=\"https:\/\/urbanoz-constructora.sfo2.digitaloceanspaces.com\/web\/sites\/5\/mirador-de-bosque-3-1024x527.png\" alt=\"Mirador del Bosque\" \/>\n\t\t\t\t\t\t<\/figure>\n\t\t\t\t\t\t\t\t\t\t<\/a>\n\t\t\t\t\t\t\t\t\t\t\t\t\t\t\t\t\t<a href=\"https:\/\/urbanoz-constructora.sfo2.digitaloceanspaces.com\/web\/sites\/5\/mirador-de-bosque-2-1024x527.png\" target=\"_self\" data-caption=\"\" rel=\"noopener\">\n\t\t\t\t\t\t<figure>\n\t\t\t\t\t\t\t<img decoding=\"async\" src=\"https:\/\/urbanoz-constructora.sfo2.digitaloceanspaces.com\/web\/sites\/5\/mirador-de-bosque-2-1024x527.png\" alt=\"Mirador del Bosque\" \/>\n\t\t\t\t\t\t<\/figure>\n\t\t\t\t\t\t\t\t\t\t<\/a>\n\t\t\t\t\t\t\t\t\t\t\t\t\t\t\t\t\t<a href=\"https:\/\/urbanoz-constructora.sfo2.digitaloceanspaces.com\/web\/sites\/5\/mirador-de-bosque-1-1024x527.png\" target=\"_self\" data-caption=\"\" rel=\"noopener\">\n\t\t\t\t\t\t<figure>\n\t\t\t\t\t\t\t<img decoding=\"async\" src=\"https:\/\/urbanoz-constructora.sfo2.digitaloceanspaces.com\/web\/sites\/5\/mirador-de-bosque-1-1024x527.png\" alt=\"Mirador del Bosque\" \/>\n\t\t\t\t\t\t<\/figure>\n\t\t\t\t\t\t\t\t\t\t<\/a>\n\t\t\t\t\t\t<!-- pagination -->\n\t\t\t\t<img decoding=\"async\" src=\"https:\/\/urbanozconstructora.com\/wp-content\/uploads\/sites\/5\/2022\/06\/Logo-Urbanoz.png\" alt=\"Logo Urbanoz\" itemprop=\"image\" title=\"Logo Urbanoz\" onerror=\"this.style.display='none'\"  \/>\n<h2>\n\t\tNuestros Proyectos\n\t<\/h2>\n\tMirador del Bosque<br \/>\nUrban 17 \/ 40\n<h2>\n\t\tCont\u00e1ctanos\n\t<\/h2>\n\t(+57) 3212484404<br \/>\n(+57) 3006419711<br \/>\nventas@urbanozconstructora.com\n<h2>\n\t\tUbicaci\u00f3n oficinas\n\t<\/h2>\n\tCarrera 5 este #18-16 &#8211; Local 202 &#8211; 302<br \/>\nCentro Comercial Balcones de Serrezuela<br \/>\nMosquera Cundinamarca\u00a0\n\n","protected":false},"excerpt":{"rendered":"<p>Proyecto Mirador del Bosque Con f\u00e1cil acceso gracias a las v\u00edas principales que lo rodean Galer\u00eda de im\u00e1genes Nuestros Proyectos Mirador del Bosque Urban 17 \/ 40 Cont\u00e1ctanos (+57) 3212484404 (+57) 3006419711 ventas@urbanozconstructora.com Ubicaci\u00f3n oficinas Carrera 5 este #18-16 &#8211; Local 202 &#8211; 302 Centro Comercial Balcones de Serrezuela Mosquera Cundinamarca\u00a0<\/p>\n","protected":false},"author":1,"featured_media":0,"parent":0,"menu_order":0,"comment_status":"closed","ping_status":"closed","template":"","meta":{"footnotes":""},"class_list":["post-217","page","type-page","status-publish","hentry"],"_links":{"self":[{"href":"https:\/\/urbanozconstructora.com\/mirador-del-bosque\/wp-json\/wp\/v2\/pages\/217","targetHints":{"allow":["GET"]}}],"collection":[{"href":"https:\/\/urbanozconstructora.com\/mirador-del-bosque\/wp-json\/wp\/v2\/pages"}],"about":[{"href":"https:\/\/urbanozconstructora.com\/mirador-del-bosque\/wp-json\/wp\/v2\/types\/page"}],"author":[{"embeddable":true,"href":"https:\/\/urbanozconstructora.com\/mirador-del-bosque\/wp-json\/wp\/v2\/users\/1"}],"replies":[{"embeddable":true,"href":"https:\/\/urbanozconstructora.com\/mirador-del-bosque\/wp-json\/wp\/v2\/comments?post=217"}],"version-history":[{"count":121,"href":"https:\/\/urbanozconstructora.com\/mirador-del-bosque\/wp-json\/wp\/v2\/pages\/217\/revisions"}],"predecessor-version":[{"id":644,"href":"https:\/\/urbanozconstructora.com\/mirador-del-bosque\/wp-json\/wp\/v2\/pages\/217\/revisions\/644"}],"wp:attachment":[{"href":"https:\/\/urbanozconstructora.com\/mirador-del-bosque\/wp-json\/wp\/v2\/media?parent=217"}],"curies":[{"name":"wp","href":"https:\/\/api.w.org\/{rel}","templated":true}]}}